{"id":474,"date":"2020-07-18T15:55:18","date_gmt":"2020-07-18T15:55:18","guid":{"rendered":"http:\/\/morispain.com\/?post_type=product&#038;p=474"},"modified":"2021-09-01T10:06:59","modified_gmt":"2021-09-01T10:06:59","slug":"piston-ascensor-9150-11-enterrado","status":"publish","type":"product","link":"https:\/\/morispain.com\/en\/products\/piston-ascensor-9150-11-enterrado\/","title":{"rendered":"Pist\u00f3n ascensor 9150 1:1 enterrado"},"content":{"rendered":"<p>Ofrecemos una amplia gama de pistones para satisfacer los requisitos del cliente para todas las categor\u00edas de elevadores con transmisiones directas e indirectas disponibles en dos, tres y cuatro piezas.<\/p>\n","protected":false},"excerpt":{"rendered":"<p>Soluci\u00f3n para ascensores en suspensi\u00f3n 1:1 con pist\u00f3n enterrado.<\/p>\n","protected":false},"featured_media":476,"template":"","meta":{"_acf_changed":false,"_seopress_robots_primary_cat":"none","_seopress_titles_title":"","_seopress_titles_desc":"","_seopress_robots_index":"","inline_featured_image":false,"_genesis_hide_title":false,"_genesis_hide_breadcrumbs":false,"_genesis_hide_singular_image":false,"_genesis_hide_footer_widgets":false,"_genesis_custom_body_class":"","_genesis_custom_post_class":"","_genesis_layout":""},"product_brand":[],"product_cat":[22,55],"product_tag":[],"class_list":{"0":"post-474","1":"product","2":"type-product","3":"status-publish","4":"has-post-thumbnail","6":"product_cat-ascensores-hidraulicos","7":"product_cat-pistones-ascensor","8":"entry","10":"first","11":"instock","12":"shipping-taxable","13":"product-type-simple"},"acf":[],"_links":{"self":[{"href":"https:\/\/morispain.com\/en\/wp-json\/wp\/v2\/product\/474","targetHints":{"allow":["GET"]}}],"collection":[{"href":"https:\/\/morispain.com\/en\/wp-json\/wp\/v2\/product"}],"about":[{"href":"https:\/\/morispain.com\/en\/wp-json\/wp\/v2\/types\/product"}],"wp:featuredmedia":[{"embeddable":true,"href":"https:\/\/morispain.com\/en\/wp-json\/wp\/v2\/media\/476"}],"wp:attachment":[{"href":"https:\/\/morispain.com\/en\/wp-json\/wp\/v2\/media?parent=474"}],"wp:term":[{"taxonomy":"product_brand","embeddable":true,"href":"https:\/\/morispain.com\/en\/wp-json\/wp\/v2\/product_brand?post=474"},{"taxonomy":"product_cat","embeddable":true,"href":"https:\/\/morispain.com\/en\/wp-json\/wp\/v2\/product_cat?post=474"},{"taxonomy":"product_tag","embeddable":true,"href":"https:\/\/morispain.com\/en\/wp-json\/wp\/v2\/product_tag?post=474"}],"curies":[{"name":"wp","href":"https:\/\/api.w.org\/{rel}","templated":true}]}}