{"id":175,"date":"2020-06-30T20:27:44","date_gmt":"2020-06-30T20:27:44","guid":{"rendered":"http:\/\/morispain.com\/?post_type=product&#038;p=175"},"modified":"2020-09-24T10:13:51","modified_gmt":"2020-09-24T10:13:51","slug":"central-hidraulica-electromecanica-hydronic-2v","status":"publish","type":"product","link":"https:\/\/morispain.com\/en\/products\/central-hidraulica-electromecanica-hydronic-2v\/","title":{"rendered":"Power Unit electromec\u00e1nica Hydronic 2V"},"content":{"rendered":"<h3>Todas las soluciones a su disposici\u00f3n<\/h3>\n<p><strong>MORISPAIN<\/strong> dispone de un amplio porfolio de centrales destinadas a elevadores hidr\u00e1ulicos, en diferentes configuraciones, equipados con grupos distribuidores que cubren toda la gama de posibilidades para alcanzar la mayor eficiencia y confort.<\/p>\n<h3>Configuraciones a medida del cliente<\/h3>\n<p><strong>MORISPAIN<\/strong> dise\u00f1a a medida de cada cliente la configuraci\u00f3n m\u00e1s adecuada a las necesidades particulares del mercado objetivo de nuestros clientes.<\/p>\n<h3>Verificaci\u00f3n y ensayo<\/h3>\n<p><strong>MORISPAIN<\/strong> somete a ensayo real de todas las centrales fabricadas, proporcionando al cliente la central completamente regulada a medida de las caracter\u00edsticas de cada instalaci\u00f3n.<br \/>\nEl cliente recibe con cada central el certificado de acuerdo a la normativa de aplicaci\u00f3n.<\/p>\n","protected":false},"excerpt":{"rendered":"<p><strong>Centrales Hydronic Lift<\/strong><br \/>\nCentral con distribuidor Hydronic Lift H300 de 2 velocidades con regulaci\u00f3n simple, cambios de velocidad y paro para mercados con poca cualificaci\u00f3n t\u00e9cnica.<\/p>\n","protected":false},"featured_media":177,"template":"","meta":{"_acf_changed":false,"_seopress_robots_primary_cat":"none","_seopress_titles_title":"","_seopress_titles_desc":"","_seopress_robots_index":"","inline_featured_image":false,"_genesis_hide_title":false,"_genesis_hide_breadcrumbs":false,"_genesis_hide_singular_image":false,"_genesis_hide_footer_widgets":false,"_genesis_custom_body_class":"","_genesis_custom_post_class":"","_genesis_layout":""},"product_brand":[],"product_cat":[22,54],"product_tag":[],"class_list":{"0":"post-175","1":"product","2":"type-product","3":"status-publish","4":"has-post-thumbnail","6":"product_cat-ascensores-hidraulicos","7":"product_cat-centrales-ascensor","8":"entry","10":"first","11":"instock","12":"shipping-taxable","13":"product-type-simple"},"acf":[],"_links":{"self":[{"href":"https:\/\/morispain.com\/en\/wp-json\/wp\/v2\/product\/175","targetHints":{"allow":["GET"]}}],"collection":[{"href":"https:\/\/morispain.com\/en\/wp-json\/wp\/v2\/product"}],"about":[{"href":"https:\/\/morispain.com\/en\/wp-json\/wp\/v2\/types\/product"}],"wp:featuredmedia":[{"embeddable":true,"href":"https:\/\/morispain.com\/en\/wp-json\/wp\/v2\/media\/177"}],"wp:attachment":[{"href":"https:\/\/morispain.com\/en\/wp-json\/wp\/v2\/media?parent=175"}],"wp:term":[{"taxonomy":"product_brand","embeddable":true,"href":"https:\/\/morispain.com\/en\/wp-json\/wp\/v2\/product_brand?post=175"},{"taxonomy":"product_cat","embeddable":true,"href":"https:\/\/morispain.com\/en\/wp-json\/wp\/v2\/product_cat?post=175"},{"taxonomy":"product_tag","embeddable":true,"href":"https:\/\/morispain.com\/en\/wp-json\/wp\/v2\/product_tag?post=175"}],"curies":[{"name":"wp","href":"https:\/\/api.w.org\/{rel}","templated":true}]}}